{"id":3656,"date":"2020-09-18T21:54:33","date_gmt":"2020-09-18T21:54:33","guid":{"rendered":"https:\/\/www.svp-mosty.cz\/?page_id=3656"},"modified":"2020-09-18T22:39:27","modified_gmt":"2020-09-18T22:39:27","slug":"kontakt","status":"publish","type":"page","link":"https:\/\/www.svp-mosty.cz\/sr\/kontakt\/","title":{"rendered":"KONTAKT"},"content":{"rendered":"<p>[et_pb_section fb_built=&#8220;1&#8243; fullwidth=&#8220;on&#8220; _builder_version=&#8220;4.0.2&#8243;][et_pb_fullwidth_image _builder_version=&#8220;4.0.2&#8243; src=&#8220;https:\/\/www.svp-mosty.cz\/wp-content\/uploads\/2020\/09\/slide-Ia2.jpg&#8220; hover_enabled=&#8220;0&#8243;][\/et_pb_fullwidth_image][\/et_pb_section][et_pb_section fb_built=&#8220;1&#8243; _builder_version=&#8220;4.0.2&#8243; hover_enabled=&#8220;0&#8243;][et_pb_row _builder_version=&#8220;4.0.2&#8243;][et_pb_column _builder_version=&#8220;4.0.2&#8243; type=&#8220;4_4&#8243;][et_pb_text _builder_version=&#8220;4.0.2&#8243; hover_enabled=&#8220;0&#8243;]<\/p>\n<h1><span style=\"color: #009fe3;\"><span style=\"font-size: xx-large;\"><strong>KONTAKT<\/strong><\/span><br \/><\/span><\/h1>\n<h1 style=\"text-align: center;\"><span style=\"color: #00ccff;\">\u00a0<\/span><\/h1>\n<p>[\/et_pb_text][\/et_pb_column][\/et_pb_row][et_pb_row _builder_version=&#8220;4.0.2&#8243; column_structure=&#8220;1_2,1_2&#8243; custom_margin=&#8220;-40px|auto||auto||&#8220;][et_pb_column _builder_version=&#8220;4.0.2&#8243; type=&#8220;1_2&#8243;][et_pb_text _builder_version=&#8220;4.0.2&#8243; text_font=&#8220;Lora||||||||&#8220; text_text_color=&#8220;#676879&#8243; text_font_size=&#8220;16px&#8220; text_line_height=&#8220;2em&#8220; hover_enabled=&#8220;0&#8243; text_font_size_tablet=&#8220;15px&#8220; text_font_size_phone=&#8220;14px&#8220; text_font_size_last_edited=&#8220;on|phone&#8220; locked=&#8220;off&#8220; width=&#8220;100%&#8220; custom_padding=&#8220;|0px||4px||&#8220; custom_margin=&#8220;|-199px||||&#8220;]<\/p>\n<div class=\"et_pb_module et_pb_text et_pb_text_8 et_pb_bg_layout_light  et_pb_text_align_left\">\n<div class=\"et_pb_text_inner\">\n<div id=\"text-3\" class=\"widget widget_text\">\n<div class=\"widget_wrap\">\n<div>\n<h4>Ponuda proizvoda<\/h4>\n<p>U ponudi firme <i>SVP mosty s.r.o.<\/i> nalazi se \u0161irok asortiman proizvoda za opremanje mostnih konstrukcija i drugih objekata niskogradnje:<\/p>\n<ol>\n<li>Konstrukcijiska le\u017ei\u0161ta razli\u010ditih tipova: elastomerna le\u017ei\u0161ta, lon\u010dasta le\u017ei\u0161ta, sferi\u010dna le\u017ei\u0161ta, specijalna le\u017ei\u0161ta za naguravanje konstrukcija; ovde mo\u017eete preuzeti katalog <a href=\"http:\/\/www.svp-mosty.cz\/wp-content\/uploads\/2017\/03\/Elastomerna_konstrukcijska_lezista_SRB.pdf\"><b><i><span style=\"text-decoration: underline;\">Elastomernih konstrukcijskih le\u017ei\u0161ta<\/span><\/i><\/b> <\/a>(.pdf)<\/li>\n<li>Prelazne dilatacione naprave razli\u010ditih tipova: Polidil, Polisteel, Polifinger, Polipur; ovde mo\u017eete preuzeti katalog <b><i><span style=\"text-decoration: underline;\">Prelaznih mostovskih dilatacionih naprava<\/span><\/i><\/b> (.pdf)<\/li>\n<li>Druga oprema saobra\u0107ajnica i mostova: za\u0161titne barijere, rukohvati parapeta, gelenderi \/ ograde.<\/li>\n<\/ol>\n<p>Svi proizvodi poseduju sve potrebne evropske cetifikate, izdate od strane renomiranih i ovla\u0161\u0107enih ustanova, u skladu sa va\u017ee\u0107im propisima, normama i standardima, a karakteri\u0161u ih originalan dizajn, kvalitetna proizvodnja, optimalna monta\u017ea i jednostavno odr\u017eavanje.\u00a0<\/p>\n<p>&nbsp;<\/p>\n<h4>EKSKLUZIVNI ZASTUPNIK I DISTRIBUTER ZA REPUBLIKU SRBIJU<\/h4>\n<p><i>CEZAR PRIMO d.o.o. KRAGUJEVAC<\/i><\/p>\n<p>e-mail adresa: <a href=\"mailto:cezarprimodoo@gmail.com\">cezarprimodoo@gmail.com<\/a><\/p>\n<p>CZ+420\u00a0603\u00a0218\u00a0691\u00a0 \u2022 \u00a0RS+381 63\u00a017 36\u00a0463 \u00a0\u2022 \u00a0IT+39 324 985 62 37<\/p>\n<p>&nbsp;<\/p>\n<\/div>\n<\/div>\n<\/div>\n<\/div>\n<\/div>\n<p>[\/et_pb_text][\/et_pb_column][et_pb_column _builder_version=&#8220;4.0.2&#8243; type=&#8220;1_2&#8243;][et_pb_text _builder_version=&#8220;4.0.2&#8243; text_font=&#8220;Lora||||||||&#8220; text_text_color=&#8220;#676879&#8243; text_font_size=&#8220;16px&#8220; text_line_height=&#8220;2em&#8220; hover_enabled=&#8220;0&#8243; text_font_size_tablet=&#8220;15px&#8220; text_font_size_phone=&#8220;14px&#8220; text_font_size_last_edited=&#8220;on|phone&#8220; locked=&#8220;off&#8220; width=&#8220;100%&#8220; custom_padding=&#8220;|0px||4px||&#8220; custom_margin=&#8220;|-199px||||&#8220;]<\/p>\n<div class=\"et_pb_module et_pb_text et_pb_text_8 et_pb_bg_layout_light  et_pb_text_align_left\">\n<div class=\"et_pb_text_inner\">\n<div id=\"text-3\" class=\"widget widget_text\">\n<div class=\"widget_wrap\">\n<div>\n<p>\u00a0Srpska kompanija, osnovana 2014. godine, \u010dija je osnovna delatnost me\u0111unarodna trgovina na veliko, kao i konsalting iz oblasti in\u017eenjerskih poslova.<\/p>\n<p>Tokom 2016. godine <i>Cezar primo d.o.o.<\/i> je sa firmom <i>SVP mosty s.r.o.<\/i> potpisao ekskluzivni ugovor za zastupni\u0161tvo na teritoriji Republike Srbije, kao i ostalim zemljama u regionu Jugoisto\u010dne Evrope.<\/p>\n<p>Kompanija je do sada uspe\u0161no radila na tr\u017ei\u0161tu Italije, Nema\u010dke, \u010ce\u0161ke, Crne Gore, \u0160vedske, Srbije.<\/p>\n<p>Odlikuje nas efikasnost i ekspeditivnost u svim na\u0161im aktivnostima. Nadamo se da \u0107emo uspe\u0161no sara\u0111ivati.<\/p>\n<p>&nbsp;<\/p>\n<p>&nbsp;<\/p>\n<\/div>\n<p>SVP mosty, s.r.o.<br \/> U Rakovky 436\/31<br \/> 148 00 Praha 4 \u2013 Kunratice<\/p>\n<p>Email: <a href=\"mailto:nedoma@svp.cz\">nedoma@svp.cz <\/a><br \/> Mob.: +420 603 411 794<br \/> Fax.: +420 244 912 592<\/p>\n<\/div>\n<\/div>\n<\/div>\n<\/div>\n<p>[\/et_pb_text][\/et_pb_column][\/et_pb_row][\/et_pb_section][et_pb_section fb_built=&#8220;1&#8243; _builder_version=&#8220;4.0.2&#8243;][et_pb_row _builder_version=&#8220;4.0.2&#8243; hover_enabled=&#8220;0&#8243; custom_margin=&#8220;-2px|auto||auto||&#8220;][et_pb_column type=&#8220;4_4&#8243; _builder_version=&#8220;4.0.2&#8243;][et_pb_text _builder_version=&#8220;4.0.2&#8243;]<\/p>\n<h4>Obra\u010dun i adresa za isporuku:<\/h4>\n<p>U Rakovky 436<br \/> 148 00 Praha 4 \u2013 Kunratice<\/p>\n<p>I\u010cO: 242 124 15<br \/> DI\u010c: CZ24212415<\/p>\n<h1><strong>\u00a0<\/strong><\/h1>\n<p><a href=\"https:\/\/www.google.com\/maps?ll=50.0065,14.472668&amp;z=15&amp;t=m&amp;hl=cs&amp;gl=CZ&amp;mapclient=embed&amp;q=U+Rakovky+436+148+00+Praha-Kunratice\"><img loading=\"lazy\" decoding=\"async\" class=\"wp-image-3640 aligncenter size-full\" src=\"https:\/\/www.svp-mosty.cz\/wp-content\/uploads\/2020\/09\/SVPmapa.png\" alt=\"\" width=\"1204\" height=\"569\" srcset=\"https:\/\/www.svp-mosty.cz\/wp-content\/uploads\/2020\/09\/SVPmapa.png 1204w, https:\/\/www.svp-mosty.cz\/wp-content\/uploads\/2020\/09\/SVPmapa-980x463.png 980w, https:\/\/www.svp-mosty.cz\/wp-content\/uploads\/2020\/09\/SVPmapa-480x227.png 480w\" sizes=\"(min-width: 0px) and (max-width: 480px) 480px, (min-width: 481px) and (max-width: 980px) 980px, (min-width: 981px) 1204px, 100vw\" \/><\/a><\/p>\n<p>&nbsp;<\/p>\n<p>[\/et_pb_text][\/et_pb_column][\/et_pb_row][\/et_pb_section][et_pb_section fb_built=&#8220;1&#8243; admin_label=&#8220;Footer Bottom&#8220; _builder_version=&#8220;4.0.8&#8243; custom_padding=&#8220;0px||0px|||&#8220; locked=&#8220;off&#8220;][\/et_pb_section]<\/p>\n","protected":false},"excerpt":{"rendered":"<p>KONTAKT \u00a0 Ponuda proizvoda U ponudi firme SVP mosty s.r.o. nalazi se \u0161irok asortiman proizvoda za opremanje mostnih konstrukcija i drugih objekata niskogradnje: Konstrukcijiska le\u017ei\u0161ta razli\u010ditih tipova: elastomerna le\u017ei\u0161ta, lon\u010dasta le\u017ei\u0161ta, sferi\u010dna le\u017ei\u0161ta, specijalna le\u017ei\u0161ta za naguravanje konstrukcija; ovde mo\u017eete preuzeti katalog Elastomernih konstrukcijskih le\u017ei\u0161ta (.pdf) Prelazne dilatacione naprave razli\u010ditih tipova: Polidil, Polisteel, Polifinger, Polipur; [&hellip;]<\/p>\n","protected":false},"author":1,"featured_media":0,"parent":0,"menu_order":0,"comment_status":"closed","ping_status":"closed","template":"","meta":{"_et_pb_use_builder":"on","_et_pb_old_content":"<p>[et_pb_section fb_built=\"1\" specialty=\"on\" _builder_version=\"4.0.2\" use_background_color_gradient=\"on\" background_color_gradient_start=\"rgba(0,0,0,0)\" background_color_gradient_end=\"#009fe3\" background_color_gradient_direction=\"90deg\" background_color_gradient_start_position=\"64%\" background_color_gradient_end_position=\"0%\" custom_padding=\"8vw||||false|false\" background_last_edited=\"on|tablet\" background_color_gradient_direction_tablet=\"-180deg\"][et_pb_column type=\"1_2\" _builder_version=\"3.25\" custom_padding=\"|||\" custom_padding__hover=\"|||\"][et_pb_text _builder_version=\"4.0.2\" header_2_font=\"Roboto Condensed|700||on|||||\" header_2_font_size=\"12px\" header_2_letter_spacing=\"3px\" custom_margin=\"||10px||false|false\" locked=\"off\"]<\/p><h2><span style=\"color: #00ccff;\">\u2014<\/span> <span style=\"color: #333333;\">Nev\u00e1hejte se na n\u00e1s obr\u00e1tit<\/span><\/h2><p>[\/et_pb_text][et_pb_text _builder_version=\"4.0.8\" header_font=\"Roboto Condensed|700||on|||||\" header_font_size=\"80px\" header_line_height=\"1.1em\" header_font_size_tablet=\"60px\" header_font_size_phone=\"40px\" header_font_size_last_edited=\"on|phone\" locked=\"off\"]<\/p><h1>KONTAKT<\/h1><p>[\/et_pb_text][et_pb_text _builder_version=\"4.0.2\" text_font=\"Lora||||||||\" text_text_color=\"#676879\" text_font_size=\"16px\" text_line_height=\"2em\" text_font_size_tablet=\"15px\" text_font_size_phone=\"14px\" text_font_size_last_edited=\"on|phone\" locked=\"off\"]<\/p><div class=\"et_pb_module et_pb_text et_pb_text_8 et_pb_bg_layout_light  et_pb_text_align_left\"><div class=\"et_pb_text_inner\"><div id=\"text-3\" class=\"widget widget_text\"><div class=\"widget_wrap\"><h3 class=\"widgettitle\">\u00a0<\/h3><div><h4>SVP mosty s.r.o.<br \/>U Rakovky 436\/31,<br \/>148 00 Praha 4<\/h4><h4>I\u010cO: 242 124 15<br \/>DI\u010c: CZ24212415<\/h4><\/div><\/div><\/div><\/div><\/div><p>[\/et_pb_text][et_pb_text _builder_version=\"4.0.2\" text_font=\"Lora||||||||\" text_text_color=\"#676879\" text_font_size=\"16px\" text_line_height=\"2em\" link_text_color=\"#fc3f3f\" header_3_font=\"Roboto Condensed|700||on|||||\" header_3_font_size=\"20px\" header_3_letter_spacing=\"1px\" header_3_line_height=\"1.2em\" max_width=\"640px\" text_font_size_tablet=\"15px\" text_font_size_phone=\"14px\" text_font_size_last_edited=\"on|phone\" header_3_font_size_tablet=\"\" header_3_font_size_phone=\"18px\" header_3_font_size_last_edited=\"on|phone\" locked=\"off\"]<\/p><h4>Tel: +420 603 411 794<br \/>Fax: +420 244 912 592<br \/>E-mail: nedoma@svp.cz<\/h4><p>[\/et_pb_text][et_pb_text _builder_version=\"4.0.2\" hover_enabled=\"0\"]<\/p><p><span style=\"text-decoration: underline;\"><a href=\"https:\/\/www.svp-mosty.cz\/zasady-ochrany-osobnich-udaju\/\">Z\u00e1sady ochrany osobn\u00edch \u00fadaj\u016f.<\/a><\/span><\/p><p>\u00a0<\/p><h4>Faktura\u010dn\u00ed a dodac\u00ed adresa<\/h4><p>U Rakovky 436<br \/>148 00 Praha 4 \u2013 Kunratice<\/p><p>I\u010cO: 242 124 15<br \/>DI\u010c: CZ24212415<\/p><h4>Bankovn\u00ed spojen\u00ed<\/h4><p>Raiffeisen Bank a.s.<br \/>\u010d.b.\u00fa.: 504 101 5498 \/ 5500<\/p><p>\u00a0<\/p><p>[\/et_pb_text][\/et_pb_column][et_pb_column type=\"1_2\" specialty_columns=\"2\" _builder_version=\"3.25\" custom_padding=\"|||\" custom_padding__hover=\"|||\"][et_pb_row_inner _builder_version=\"4.0.2\" background_color=\"#ffffff\" custom_padding=\"0px||0px||true|false\" box_shadow_style=\"preset4\" box_shadow_horizontal=\"-110px\" box_shadow_vertical=\"-16vw\" box_shadow_spread=\"-80px\" box_shadow_color=\"#ffc001\" box_shadow_horizontal_tablet=\"-180px\" box_shadow_horizontal_phone=\"\" box_shadow_horizontal_last_edited=\"on|phone\" box_shadow_vertical_tablet=\"-30px\" box_shadow_vertical_phone=\"\" box_shadow_vertical_last_edited=\"on|tablet\"][et_pb_column_inner saved_specialty_column_type=\"1_2\" _builder_version=\"4.0.2\" custom_padding=\"50px|40px|50px|40px|true|true\" custom_padding_tablet=\"\" custom_padding_phone=\"20px|20px|20px|20px|true|true\" custom_padding_last_edited=\"on|desktop\" box_shadow_style=\"preset3\" box_shadow_vertical=\"64px\" box_shadow_blur=\"80px\" box_shadow_spread=\"-24px\" box_shadow_color=\"rgba(24,23,38,0.1)\"][et_pb_contact_form _builder_version=\"4.0.2\" form_field_background_color=\"#f8f8f8\" form_field_focus_background_color=\"#efefef\" form_field_custom_margin=\"||30px||false|false\" form_field_font=\"Georgia||||||||\" form_field_font_size=\"16px\" form_field_line_height=\"1.8em\" custom_button=\"on\" button_text_size=\"14px\" button_text_color=\"#ffffff\" button_bg_color=\"#009fe3\" button_border_width=\"0px\" button_border_radius=\"0px\" button_letter_spacing=\"2px\" button_font=\"|700||on|||||\" button_icon=\"%%3%%\" button_on_hover=\"off\" button_custom_padding=\"16px|36px|16px|22px|true|false\" box_shadow_style_button=\"preset3\" box_shadow_color_button=\"#009fe3\" button_custom_padding__hover=\"|40px||26px|true|false\" button_custom_padding__hover_enabled=\"on|hover\"][et_pb_contact_field field_id=\"Name\" field_title=\"Jm\u00e9no \/ Firma\" fullwidth_field=\"on\" _builder_version=\"4.0.2\" button_text_size__hover_enabled=\"off\" button_one_text_size__hover_enabled=\"off\" button_two_text_size__hover_enabled=\"off\" button_text_color__hover_enabled=\"off\" button_one_text_color__hover_enabled=\"off\" button_two_text_color__hover_enabled=\"off\" button_border_width__hover_enabled=\"off\" button_one_border_width__hover_enabled=\"off\" button_two_border_width__hover_enabled=\"off\" button_border_color__hover_enabled=\"off\" button_one_border_color__hover_enabled=\"off\" button_two_border_color__hover_enabled=\"off\" button_border_radius__hover_enabled=\"off\" button_one_border_radius__hover_enabled=\"off\" button_two_border_radius__hover_enabled=\"off\" button_letter_spacing__hover_enabled=\"off\" button_one_letter_spacing__hover_enabled=\"off\" button_two_letter_spacing__hover_enabled=\"off\" button_bg_color__hover_enabled=\"off\" button_one_bg_color__hover_enabled=\"off\" button_two_bg_color__hover_enabled=\"off\"][\/et_pb_contact_field][et_pb_contact_field field_id=\"Email\" field_title=\"E-mailov\u00e1 adresa\" field_type=\"email\" fullwidth_field=\"on\" _builder_version=\"4.0.2\" button_text_size__hover_enabled=\"off\" button_one_text_size__hover_enabled=\"off\" button_two_text_size__hover_enabled=\"off\" button_text_color__hover_enabled=\"off\" button_one_text_color__hover_enabled=\"off\" button_two_text_color__hover_enabled=\"off\" button_border_width__hover_enabled=\"off\" button_one_border_width__hover_enabled=\"off\" button_two_border_width__hover_enabled=\"off\" button_border_color__hover_enabled=\"off\" button_one_border_color__hover_enabled=\"off\" button_two_border_color__hover_enabled=\"off\" button_border_radius__hover_enabled=\"off\" button_one_border_radius__hover_enabled=\"off\" button_two_border_radius__hover_enabled=\"off\" button_letter_spacing__hover_enabled=\"off\" button_one_letter_spacing__hover_enabled=\"off\" button_two_letter_spacing__hover_enabled=\"off\" button_bg_color__hover_enabled=\"off\" button_one_bg_color__hover_enabled=\"off\" button_two_bg_color__hover_enabled=\"off\"][\/et_pb_contact_field][et_pb_contact_field field_id=\"Telefon\" field_title=\"Telefonn\u00ed \u010d\u00edslo\" fullwidth_field=\"on\" _builder_version=\"4.0.2\"][\/et_pb_contact_field][et_pb_contact_field field_id=\"Message\" field_title=\"Zpr\u00e1va\" field_type=\"text\" required_mark=\"off\" fullwidth_field=\"on\" _builder_version=\"4.0.2\" button_text_size__hover_enabled=\"off\" button_one_text_size__hover_enabled=\"off\" button_two_text_size__hover_enabled=\"off\" button_text_color__hover_enabled=\"off\" button_one_text_color__hover_enabled=\"off\" button_two_text_color__hover_enabled=\"off\" button_border_width__hover_enabled=\"off\" button_one_border_width__hover_enabled=\"off\" button_two_border_width__hover_enabled=\"off\" button_border_color__hover_enabled=\"off\" button_one_border_color__hover_enabled=\"off\" button_two_border_color__hover_enabled=\"off\" button_border_radius__hover_enabled=\"off\" button_one_border_radius__hover_enabled=\"off\" button_two_border_radius__hover_enabled=\"off\" button_letter_spacing__hover_enabled=\"off\" button_one_letter_spacing__hover_enabled=\"off\" button_two_letter_spacing__hover_enabled=\"off\" button_bg_color__hover_enabled=\"off\" button_one_bg_color__hover_enabled=\"off\" button_two_bg_color__hover_enabled=\"off\"][\/et_pb_contact_field][\/et_pb_contact_form][\/et_pb_column_inner][\/et_pb_row_inner][\/et_pb_column][\/et_pb_section][et_pb_section fb_built=\"1\" _builder_version=\"4.0.2\"][et_pb_row _builder_version=\"4.0.2\"][et_pb_column _builder_version=\"4.0.2\" type=\"4_4\"][et_pb_text _builder_version=\"4.0.2\" hover_enabled=\"0\"]<\/p><h1><strong>Kudy k n\u00e1m<\/strong><\/h1><p>\u00a0<a href=\"https:\/\/www.google.com\/maps?ll=50.0065,14.472668&z=15&t=m&hl=cs&gl=CZ&mapclient=embed&q=U+Rakovky+436+148+00+Praha-Kunratice\"><img class=\"wp-image-3640 aligncenter size-full\" src=\"https:\/\/www.svp-mosty.cz\/wp-content\/uploads\/2020\/09\/SVPmapa.png\" alt=\"\" width=\"1204\" height=\"569\" \/><\/a><\/p><h4>Autem<\/h4><p>Autem k n\u00e1m p\u0159ijedete z centra Prahy po V\u00edde\u0148sk\u00e9 ulici (sm\u011br Jesenice). Asi 1km nad nemocnic\u00ed Kr\u010d naraz\u00edte na prvn\u00ed kruhov\u00fd objezd, kter\u00fd projedete rovn\u011b. Na prvn\u00ed odbo\u010dce se d\u00e1te doprava ulic\u00ed U Rakovky (p\u0159ed rohovou budovou SVP p\u016fj\u010dovna, s.r.o.) a po cca 200m vlevo na konci ulice je na\u0161e budova. Parkovat lze ve dvo\u0159e nebo dole na parkovi\u0161ti.<\/p><p>Pojedete-li od d\u00e1lnice D1 nebo od Jesenice, zato\u010d\u00edte za hospodou Na Bet\u00e1ni u na\u0161\u00ed SVP p\u016fj\u010dovny naopak vlevo do ulice U Rakovky.<\/p><h4>MHD<\/h4><p>Dostanete se k n\u00e1m jednodu\u0161e i autobusem. M\u016f\u017eete jet nap\u0159\u00edklad z Bud\u011bjovick\u00e9 (\u010d.332, 334, 335, \u2026) na zast\u00e1vku Bet\u00e1\u0148 anebo t\u0159eba z H\u00e1j\u016f, Sm\u00edchova \u010di Ka\u010derova (\u010d.165, 293, \u2026) na zast\u00e1vku U t\u0159\u00ed svat\u00fdch, kter\u00e1 je tro\u0161ku d\u00e1l p\u011b\u0161ky. P\u0159esn\u00e9 \u010dasy odjezd\u016f autobus\u016f najdete <strong><a href=\"http:\/\/idos.dpp.cz\/idos\/ConnForm.aspx\" target=\"_blank\" rel=\"noopener noreferrer\">ZDE<\/a><\/strong>.<\/p><p>[\/et_pb_text][\/et_pb_column][\/et_pb_row][\/et_pb_section][et_pb_section fb_built=\"1\" admin_label=\"Footer Bottom\" _builder_version=\"4.0.8\" custom_padding=\"0px||0px|||\" locked=\"off\"][\/et_pb_section]<\/p>","_et_gb_content_width":"","footnotes":""},"class_list":["post-3656","page","type-page","status-publish","hentry"],"aioseo_notices":[],"_links":{"self":[{"href":"https:\/\/www.svp-mosty.cz\/sr\/wp-json\/wp\/v2\/pages\/3656","targetHints":{"allow":["GET"]}}],"collection":[{"href":"https:\/\/www.svp-mosty.cz\/sr\/wp-json\/wp\/v2\/pages"}],"about":[{"href":"https:\/\/www.svp-mosty.cz\/sr\/wp-json\/wp\/v2\/types\/page"}],"author":[{"embeddable":true,"href":"https:\/\/www.svp-mosty.cz\/sr\/wp-json\/wp\/v2\/users\/1"}],"replies":[{"embeddable":true,"href":"https:\/\/www.svp-mosty.cz\/sr\/wp-json\/wp\/v2\/comments?post=3656"}],"version-history":[{"count":5,"href":"https:\/\/www.svp-mosty.cz\/sr\/wp-json\/wp\/v2\/pages\/3656\/revisions"}],"predecessor-version":[{"id":3691,"href":"https:\/\/www.svp-mosty.cz\/sr\/wp-json\/wp\/v2\/pages\/3656\/revisions\/3691"}],"wp:attachment":[{"href":"https:\/\/www.svp-mosty.cz\/sr\/wp-json\/wp\/v2\/media?parent=3656"}],"curies":[{"name":"wp","href":"https:\/\/api.w.org\/{rel}","templated":true}]}}