{"id":3647,"date":"2020-09-18T18:50:56","date_gmt":"2020-09-18T18:50:56","guid":{"rendered":"https:\/\/www.svp-mosty.cz\/mosty\/"},"modified":"2020-09-18T23:41:48","modified_gmt":"2020-09-18T23:41:48","slug":"mosty","status":"publish","type":"page","link":"https:\/\/www.svp-mosty.cz\/sr\/mosty\/","title":{"rendered":"MOSTOVI"},"content":{"rendered":"<p>[et_pb_section fb_built=&#8220;1&#8243; specialty=&#8220;on&#8220; padding_top_bottom_link_2=&#8220;false&#8220; padding_left_right_link_2=&#8220;false&#8220; admin_label=&#8220;Header&#8220; _builder_version=&#8220;4.0.2&#8243; background_image=&#8220;https:\/\/www.svp-mosty.cz\/wp-content\/uploads\/2020\/09\/slide-Ia2.jpg&#8220; width=&#8220;100%&#8220; max_height=&#8220;698px&#8220; custom_padding=&#8220;20vw||80px||false|false&#8220;][et_pb_column type=&#8220;1_2&#8243; _builder_version=&#8220;3.25&#8243; custom_padding=&#8220;|||&#8220; custom_padding__hover=&#8220;|||&#8220;][\/et_pb_column][et_pb_column type=&#8220;1_2&#8243; specialty_columns=&#8220;2&#8243; _builder_version=&#8220;3.25&#8243; custom_padding=&#8220;|||&#8220; custom_padding__hover=&#8220;|||&#8220;][\/et_pb_column][\/et_pb_section][et_pb_section fb_built=&#8220;1&#8243; _builder_version=&#8220;4.0.8&#8243; background_color=&#8220;#ffffff&#8220; custom_margin=&#8220;-1px|||||&#8220; custom_padding=&#8220;||0px|||&#8220;][\/et_pb_section][et_pb_section fb_built=&#8220;1&#8243; make_equal=&#8220;on&#8220; specialty=&#8220;on&#8220; background_color_1=&#8220;#009fe3&#8243; padding_top_bottom_link_1=&#8220;true&#8220; padding_top_bottom_link_2=&#8220;true&#8220; padding_left_right_link_1=&#8220;true&#8220; padding_left_right_link_2=&#8220;false&#8220; padding_top_1=&#8220;10px&#8220; padding_top_2=&#8220;6vw&#8220; padding_right_1=&#8220;20px&#8220; padding_bottom_1=&#8220;10px&#8220; padding_bottom_2=&#8220;6vw&#8220; padding_left_1=&#8220;20px&#8220; padding_2_tablet=&#8220;0px||||false|false&#8220; padding_2_phone=&#8220;&#8220; padding_2_last_edited=&#8220;on|desktop&#8220; admin_label=&#8220;About&#8220; _builder_version=&#8220;4.0.2&#8243; custom_margin=&#8220;||35px|||&#8220; custom_padding=&#8220;0px||0px|||&#8220; z_index=&#8220;10&#8243;][et_pb_column type=&#8220;1_4&#8243; _builder_version=&#8220;3.25&#8243; custom_padding=&#8220;|||&#8220; custom_padding__hover=&#8220;|||&#8220;][et_pb_text _builder_version=&#8220;4.0.2&#8243; text_font=&#8220;Roboto Condensed|700||on|||||&#8220; text_font_size=&#8220;150px&#8220; text_line_height=&#8220;1em&#8220; transform_scale_tablet=&#8220;&#8220; transform_scale_phone=&#8220;&#8220; transform_scale_last_edited=&#8220;on|tablet&#8220; transform_translate=&#8220;-32%|190%&#8220; transform_translate_tablet=&#8220;0%|0%&#8220; transform_translate_phone=&#8220;&#8220; transform_translate_last_edited=&#8220;on|tablet&#8220; transform_translate_linked=&#8220;off&#8220; transform_rotate=&#8220;0deg|0deg|-90deg&#8220; transform_rotate_tablet=&#8220;0deg|0deg|0deg&#8220; transform_rotate_phone=&#8220;&#8220; transform_rotate_last_edited=&#8220;on|desktop&#8220; transform_skew_tablet=&#8220;&#8220; transform_skew_phone=&#8220;&#8220; transform_skew_last_edited=&#8220;on|desktop&#8220; transform_origin_tablet=&#8220;&#8220; transform_origin_phone=&#8220;&#8220; transform_origin_last_edited=&#8220;on|desktop&#8220; transform_styles_last_edited=&#8220;on|tablet&#8220; text_orientation=&#8220;center&#8220; background_layout=&#8220;dark&#8220; width=&#8220;500%&#8220; width_tablet=&#8220;100%&#8220; width_phone=&#8220;&#8220; width_last_edited=&#8220;on|tablet&#8220; text_font_size_tablet=&#8220;20px&#8220; text_font_size_phone=&#8220;&#8220; text_font_size_last_edited=&#8220;on|phone&#8220; transform_styles_tablet=&#8220;&#8220; transform_styles_phone=&#8220;&#8220; text_orientation_tablet=&#8220;left&#8220; text_orientation_phone=&#8220;&#8220; text_orientation_last_edited=&#8220;on|tablet&#8220; transform_styles__hover_enabled=&#8220;off|desktop&#8220; transform_scale__hover_enabled=&#8220;off|desktop&#8220; transform_translate__hover_enabled=&#8220;off|desktop&#8220; transform_rotate__hover_enabled=&#8220;off|desktop&#8220; transform_skew__hover_enabled=&#8220;off|desktop&#8220; transform_origin__hover_enabled=&#8220;off|desktop&#8220; text_font_size__hover_enabled=&#8220;off|desktop&#8220;]<\/p>\n<p>MOSTOVI<\/p>\n<p>[\/et_pb_text][\/et_pb_column][et_pb_column type=&#8220;3_4&#8243; specialty_columns=&#8220;3&#8243; _builder_version=&#8220;3.25&#8243; custom_padding=&#8220;|||&#8220; custom_padding__hover=&#8220;|||&#8220;][et_pb_row_inner _builder_version=&#8220;4.0.2&#8243; custom_margin=&#8220;-97px|||||&#8220; custom_padding=&#8220;0px|||||&#8220;][et_pb_column_inner saved_specialty_column_type=&#8220;3_4&#8243; _builder_version=&#8220;4.0.2&#8243;][et_pb_text _builder_version=&#8220;4.0.2&#8243; inline_fonts=&#8220;Georgia&#8220;]<\/p>\n<h1><strong><span style=\"font-family: Georgia;\"><span style=\"color: #009fe3;\"><\/span><\/span><\/strong><\/h1>\n<h1><strong><span style=\"font-family: Georgia;\"><span style=\"color: #009fe3;\"><\/span><\/span><\/strong><\/h1>\n<h1><strong><span style=\"font-family: Georgia;\"><span style=\"color: #009fe3;\">MOSTOVI<\/span><\/span><\/strong><\/h1>\n<p>\u00a0<a href=\"https:\/\/www.svp-mosty.cz\/sr\/slide-iiia1-2\/\"><img loading=\"lazy\" decoding=\"async\" src=\"https:\/\/www.svp-mosty.cz\/wp-content\/uploads\/2020\/09\/slide-IIIa1-1024x305.jpg\" alt=\"\" class=\"wp-image-3434 aligncenter size-large\" width=\"1024\" height=\"305\" srcset=\"https:\/\/www.svp-mosty.cz\/wp-content\/uploads\/2020\/09\/slide-IIIa1-980x292.jpg 980w, https:\/\/www.svp-mosty.cz\/wp-content\/uploads\/2020\/09\/slide-IIIa1-480x143.jpg 480w\" sizes=\"(min-width: 0px) and (max-width: 480px) 480px, (min-width: 481px) and (max-width: 980px) 980px, (min-width: 981px) 1024px, 100vw\" \/><\/a><\/p>\n<p>&nbsp;<\/p>\n<p>&nbsp;<\/p>\n<p>&nbsp;<\/p>\n<h1><strong><span style=\"font-family: Georgia;\"><span style=\"color: #009fe3;\">MOSTOVSKE DILATACIONE NAPRAVE<br \/> <\/span><\/span><\/strong><\/h1>\n<p><strong><span style=\"font-family: Georgia;\"><span style=\"color: #009fe3;\">\u00a0<\/span><\/span><\/strong><\/p>\n<p><strong><span style=\"font-family: Georgia;\"><span style=\"color: #009fe3;\"><\/span><\/span><\/strong><\/p>\n<p><a href=\"https:\/\/www.svp-mosty.cz\/mostnizavery3\/\"><img loading=\"lazy\" decoding=\"async\" src=\"https:\/\/www.svp-mosty.cz\/wp-content\/uploads\/2020\/09\/Mostnizavery3-300x225.jpg\" alt=\"\" class=\"wp-image-3628 alignnone size-medium\" width=\"222\" height=\"166\" \/><\/a> <a href=\"https:\/\/www.svp-mosty.cz\/mostnizavery1\/\"><img loading=\"lazy\" decoding=\"async\" src=\"https:\/\/www.svp-mosty.cz\/wp-content\/uploads\/2020\/09\/Mostnizavery1-300x225.jpg\" alt=\"\" class=\"wp-image-3626 alignnone size-medium\" width=\"221\" height=\"166\" \/>\u00a0<\/a> <a href=\"https:\/\/www.svp-mosty.cz\/mostni-zaver-banner-homepage1\/\"><img loading=\"lazy\" decoding=\"async\" src=\"https:\/\/www.svp-mosty.cz\/wp-content\/uploads\/2020\/09\/mostn\u00ed-z\u00e1v\u011br-banner-homepage1-300x200.jpg\" alt=\"\" class=\"wp-image-3624 alignnone size-medium\" width=\"249\" height=\"166\" \/><\/a><\/p>\n<p>&nbsp;<\/p>\n<p>&nbsp;<\/p>\n<p>&nbsp;<\/p>\n<h1><strong><span style=\"font-family: Georgia;\"><span style=\"color: #009fe3;\">LE\u017dI\u0160TA<br \/> <\/span><\/span><\/strong><\/h1>\n<p><span style=\"color: #000000;\"><a href=\"http:\/\/www.svp-mosty.cz\/wp-content\/uploads\/2017\/03\/Elastomerna_konstrukcijska_lezista_SRB.pdf\">Pregledajte katalog elastomerne le\u017eajeve.\u00a0<\/a><\/span><\/p>\n<p><span style=\"color: #000000;\"><a href=\"http:\/\/www.svp-mosty.cz\/wp-content\/uploads\/2020\/09\/Elastomerna_konstrukcijska_lezista_SRB.pdf\"><img loading=\"lazy\" decoding=\"async\" src=\"https:\/\/www.svp-mosty.cz\/wp-content\/uploads\/2020\/09\/ElastomernaLezista-218x300.png\" alt=\"\" class=\"wp-image-3663 alignleft size-medium\" width=\"218\" height=\"300\" \/><\/a><\/span><\/p>\n<p><span style=\"color: #000000;\"><\/span><\/p>\n<p><span style=\"color: #000000;\"><\/span><\/p>\n<p><strong><span style=\"font-family: Georgia;\"><span style=\"color: #009fe3;\"><\/span><\/span><\/strong><\/p>\n<p>[\/et_pb_text][\/et_pb_column_inner][\/et_pb_row_inner][\/et_pb_column][\/et_pb_section][et_pb_section fb_built=&#8220;1&#8243; admin_label=&#8220;Footer Bottom&#8220; _builder_version=&#8220;4.0.8&#8243; custom_padding=&#8220;81px||0px|||&#8220;][et_pb_row column_structure=&#8220;1_6,1_6,1_6,1_6,1_6,1_6&#8243; _builder_version=&#8220;4.0.2&#8243;][et_pb_column type=&#8220;1_6&#8243; _builder_version=&#8220;4.0.2&#8243;][et_pb_image src=&#8220;https:\/\/www.svp-mosty.cz\/wp-content\/uploads\/2020\/09\/EcABCF.png&#8220; _builder_version=&#8220;4.0.2&#8243;][\/et_pb_image][et_pb_image src=&#8220;https:\/\/www.svp-mosty.cz\/wp-content\/uploads\/2020\/09\/certifikatKvality-210&#215;300.png&#8220; _builder_version=&#8220;4.0.2&#8243;][\/et_pb_image][\/et_pb_column][et_pb_column type=&#8220;1_6&#8243; _builder_version=&#8220;4.0.2&#8243;][et_pb_image src=&#8220;https:\/\/www.svp-mosty.cz\/wp-content\/uploads\/2020\/09\/Svarovani.png&#8220; _builder_version=&#8220;4.0.2&#8243;][\/et_pb_image][et_pb_image src=&#8220;https:\/\/www.svp-mosty.cz\/wp-content\/uploads\/2020\/09\/Certifikat-212&#215;300.png&#8220; _builder_version=&#8220;4.0.2&#8243;][\/et_pb_image][\/et_pb_column][et_pb_column type=&#8220;1_6&#8243; _builder_version=&#8220;4.0.2&#8243;][et_pb_image src=&#8220;https:\/\/www.svp-mosty.cz\/wp-content\/uploads\/2020\/09\/Stavebn\u00ed-technick\u00e9-osv\u011bd\u010den\u00ed-mostn\u00ed-z\u00e1v\u011bry.png&#8220; _builder_version=&#8220;4.0.2&#8243;][\/et_pb_image][et_pb_image src=&#8220;https:\/\/www.svp-mosty.cz\/wp-content\/uploads\/2020\/09\/CEll.png&#8220; _builder_version=&#8220;4.0.2&#8243;][\/et_pb_image][\/et_pb_column][et_pb_column type=&#8220;1_6&#8243; _builder_version=&#8220;4.0.2&#8243;][et_pb_image src=&#8220;https:\/\/www.svp-mosty.cz\/wp-content\/uploads\/2020\/09\/Mostn\u00ed-z\u00e1v\u011bry-v\u00edceprofilov\u00e9.png&#8220; _builder_version=&#8220;4.0.2&#8243;][\/et_pb_image][et_pb_image src=&#8220;https:\/\/www.svp-mosty.cz\/wp-content\/uploads\/2020\/09\/CEael.png&#8220; _builder_version=&#8220;4.0.2&#8243;][\/et_pb_image][\/et_pb_column][et_pb_column type=&#8220;1_6&#8243; _builder_version=&#8220;4.0.2&#8243;][et_pb_image src=&#8220;https:\/\/www.svp-mosty.cz\/wp-content\/uploads\/2020\/09\/Protokol-o-v\u00fdsledku-certifikace-v\u00fdrobku-mostn\u00ed-z\u00e1v\u011bry-s-jednod.png&#8220; _builder_version=&#8220;4.0.2&#8243;][\/et_pb_image][et_pb_image src=&#8220;https:\/\/www.svp-mosty.cz\/wp-content\/uploads\/2020\/09\/1090-2.png&#8220; _builder_version=&#8220;4.0.2&#8243;][\/et_pb_image][\/et_pb_column][et_pb_column type=&#8220;1_6&#8243; _builder_version=&#8220;4.0.2&#8243;][et_pb_image src=&#8220;https:\/\/www.svp-mosty.cz\/wp-content\/uploads\/2020\/09\/Mostnizavery.png&#8220; _builder_version=&#8220;4.0.2&#8243;][\/et_pb_image][et_pb_image src=&#8220;https:\/\/www.svp-mosty.cz\/wp-content\/uploads\/2020\/09\/Cert1-212&#215;300-1.png&#8220; _builder_version=&#8220;4.0.2&#8243;][\/et_pb_image][\/et_pb_column][\/et_pb_row][\/et_pb_section][et_pb_section fb_built=&#8220;1&#8243; specialty=&#8220;on&#8220; padding_top_bottom_link_1=&#8220;false&#8220; padding_top_bottom_link_2=&#8220;false&#8220; padding_left_right_link_1=&#8220;false&#8220; padding_left_right_link_2=&#8220;false&#8220; padding_top_1=&#8220;0px&#8220; padding_top_2=&#8220;20px&#8220; admin_label=&#8220;Footer&#8220; _builder_version=&#8220;4.0.8&#8243; custom_margin=&#8220;66px|||||&#8220; custom_padding=&#8220;0px||0px|||&#8220;][et_pb_column type=&#8220;1_3&#8243; _builder_version=&#8220;3.25&#8243; custom_padding=&#8220;|||&#8220; custom_padding__hover=&#8220;|||&#8220;][et_pb_divider show_divider=&#8220;off&#8220; _builder_version=&#8220;4.0.2&#8243;][\/et_pb_divider][et_pb_divider show_divider=&#8220;off&#8220; _builder_version=&#8220;4.0.2&#8243;][\/et_pb_divider][et_pb_divider show_divider=&#8220;off&#8220; _builder_version=&#8220;4.0.2&#8243;][\/et_pb_divider][et_pb_image src=&#8220;https:\/\/www.svp-mosty.cz\/wp-content\/uploads\/2020\/09\/UpaMost6-1024&#215;768.jpg&#8220; _builder_version=&#8220;4.0.2&#8243; custom_margin=&#8220;|||-10vw|false|false&#8220; box_shadow_style=&#8220;preset3&#8243; box_shadow_vertical=&#8220;64px&#8220; box_shadow_blur=&#8220;80px&#8220; box_shadow_spread=&#8220;-24px&#8220; box_shadow_color=&#8220;rgba(24,23,38,0.1)&#8220; locked=&#8220;off&#8220;][\/et_pb_image][\/et_pb_column][et_pb_column type=&#8220;2_3&#8243; specialty_columns=&#8220;2&#8243; _builder_version=&#8220;3.25&#8243; custom_padding=&#8220;|||&#8220; custom_padding__hover=&#8220;|||&#8220;][et_pb_row_inner _builder_version=&#8220;4.0.8&#8243; custom_margin=&#8220;|-306px||||&#8220; locked=&#8220;off&#8220;][et_pb_column_inner saved_specialty_column_type=&#8220;2_3&#8243; _builder_version=&#8220;4.0.8&#8243;][et_pb_text _builder_version=&#8220;4.0.2&#8243; header_2_font=&#8220;Roboto Condensed|700||on|||||&#8220; header_2_font_size=&#8220;80px&#8220; header_2_line_height=&#8220;1.1em&#8220; header_2_font_size_tablet=&#8220;50px&#8220; header_2_font_size_phone=&#8220;30px&#8220; header_2_font_size_last_edited=&#8220;on|phone&#8220; locked=&#8220;off&#8220;]<\/p>\n<h2><span style=\"color: #009fe3;\"><span style=\"font-size: xx-large;\">kontakt<\/span><br \/><\/span><\/h2>\n<p>[\/et_pb_text][\/et_pb_column_inner][\/et_pb_row_inner][et_pb_row_inner column_structure=&#8220;1_2,1_2&#8243; _builder_version=&#8220;4.0.8&#8243; custom_margin=&#8220;-49px|||||&#8220;][et_pb_column_inner type=&#8220;1_2&#8243; saved_specialty_column_type=&#8220;2_3&#8243; _builder_version=&#8220;4.0.8&#8243;][et_pb_text _builder_version=&#8220;4.0.2&#8243; text_font=&#8220;||||||||&#8220; text_text_color=&#8220;#676879&#8243; text_font_size=&#8220;16px&#8220; header_3_font=&#8220;Roboto Condensed|700||on|||||&#8220; header_3_font_size=&#8220;20px&#8220; header_3_letter_spacing=&#8220;1px&#8220; header_3_line_height=&#8220;1.2em&#8220; max_width=&#8220;640px&#8220; hover_enabled=&#8220;0&#8243; text_font_size_tablet=&#8220;15px&#8220; text_font_size_phone=&#8220;14px&#8220; text_font_size_last_edited=&#8220;on|phone&#8220; header_3_font_size_tablet=&#8220;&#8220; header_3_font_size_phone=&#8220;18px&#8220; header_3_font_size_last_edited=&#8220;on|phone&#8220; locked=&#8220;off&#8220;]<\/p>\n<div id=\"text-3\" class=\"widget widget_text\">\n<div class=\"widget_wrap\">\n<div>\n<p>SVP mosty s.r.o.<br \/> U Rakovky 436\/31,<br \/> 148 00 Praha 4<\/p>\n<p>I\u010cO: 242 124 15<br \/> DI\u010c: CZ24212415<\/p>\n<\/div>\n<\/div>\n<\/div>\n<p>[\/et_pb_text][\/et_pb_column_inner][et_pb_column_inner type=&#8220;1_2&#8243; saved_specialty_column_type=&#8220;2_3&#8243; _builder_version=&#8220;4.0.8&#8243;][et_pb_text _builder_version=&#8220;4.0.2&#8243; text_font=&#8220;||||||||&#8220; text_text_color=&#8220;#676879&#8243; text_font_size=&#8220;16px&#8220; link_text_color=&#8220;#fc3f3f&#8220; header_3_font=&#8220;Roboto Condensed|700||on|||||&#8220; header_3_font_size=&#8220;20px&#8220; header_3_letter_spacing=&#8220;1px&#8220; header_3_line_height=&#8220;1.2em&#8220; max_width=&#8220;640px&#8220; hover_enabled=&#8220;0&#8243; text_font_size_tablet=&#8220;15px&#8220; text_font_size_phone=&#8220;14px&#8220; text_font_size_last_edited=&#8220;on|phone&#8220; header_3_font_size_tablet=&#8220;&#8220; header_3_font_size_phone=&#8220;18px&#8220; header_3_font_size_last_edited=&#8220;on|phone&#8220; locked=&#8220;off&#8220;]<\/p>\n<h3><\/h3>\n<p><span style=\"font-family: inherit;\"><a href=\"mailto:nedoma@svp.cz\"><span style=\"color: #00ccff;\"><\/span><\/a>Tel: +420 603 411 794<\/span><br \/>\n<span style=\"font-family: inherit;\"> Fax: +420 244 912 592<\/span><br \/>\n<span style=\"font-family: inherit;\"> E-mail: nedoma@svp.cz<\/span>[\/et_pb_text][et_pb_divider show_divider=&#8220;off&#8220; _builder_version=&#8220;4.0.2&#8243;][\/et_pb_divider][et_pb_button button_url=&#8220;https:\/\/www.svp-mosty.cz\/sr\/kontakt&#8220; button_text=&#8220;KONTAKT&#8220; button_alignment=&#8220;right&#8220; button_alignment_tablet=&#8220;left&#8220; button_alignment_phone=&#8220;&#8220; button_alignment_last_edited=&#8220;on|phone&#8220; _builder_version=&#8220;4.0.2&#8243; custom_button=&#8220;on&#8220; button_text_size=&#8220;14px&#8220; button_text_color=&#8220;#ffffff&#8220; button_bg_color=&#8220;#009fe3&#8243; button_border_width=&#8220;0px&#8220; button_border_radius=&#8220;0px&#8220; button_letter_spacing=&#8220;2px&#8220; button_font=&#8220;|700||on|||||&#8220; button_icon=&#8220;%%3%%&#8220; button_on_hover=&#8220;off&#8220; custom_padding=&#8220;16px|36px|16px|22px|true|false&#8220; box_shadow_style=&#8220;preset3&#8243; box_shadow_color=&#8220;#009fe3&#8243; locked=&#8220;off&#8220; custom_padding__hover_enabled=&#8220;on|hover&#8220; custom_padding__hover=&#8220;|40px||26px|true|false&#8220;][\/et_pb_button][\/et_pb_column_inner][\/et_pb_row_inner][\/et_pb_column][\/et_pb_section]<\/p>\n","protected":false},"excerpt":{"rendered":"<p>MOSTOVI MOSTOVI \u00a0 &nbsp; &nbsp; &nbsp; MOSTOVSKE DILATACIONE NAPRAVE \u00a0 \u00a0 &nbsp; &nbsp; &nbsp; LE\u017dI\u0160TA Pregledajte katalog elastomerne le\u017eajeve.\u00a0 kontakt SVP mosty s.r.o. U Rakovky 436\/31, 148 00 Praha 4 I\u010cO: 242 124 15 DI\u010c: CZ24212415 Tel: +420 603 411 794 Fax: +420 244 912 592 E-mail: nedoma@svp.cz<\/p>\n","protected":false},"author":1,"featured_media":0,"parent":0,"menu_order":0,"comment_status":"closed","ping_status":"closed","template":"","meta":{"_et_pb_use_builder":"on","_et_pb_old_content":"","_et_gb_content_width":"","footnotes":""},"class_list":["post-3647","page","type-page","status-publish","hentry"],"aioseo_notices":[],"_links":{"self":[{"href":"https:\/\/www.svp-mosty.cz\/sr\/wp-json\/wp\/v2\/pages\/3647","targetHints":{"allow":["GET"]}}],"collection":[{"href":"https:\/\/www.svp-mosty.cz\/sr\/wp-json\/wp\/v2\/pages"}],"about":[{"href":"https:\/\/www.svp-mosty.cz\/sr\/wp-json\/wp\/v2\/types\/page"}],"author":[{"embeddable":true,"href":"https:\/\/www.svp-mosty.cz\/sr\/wp-json\/wp\/v2\/users\/1"}],"replies":[{"embeddable":true,"href":"https:\/\/www.svp-mosty.cz\/sr\/wp-json\/wp\/v2\/comments?post=3647"}],"version-history":[{"count":7,"href":"https:\/\/www.svp-mosty.cz\/sr\/wp-json\/wp\/v2\/pages\/3647\/revisions"}],"predecessor-version":[{"id":3729,"href":"https:\/\/www.svp-mosty.cz\/sr\/wp-json\/wp\/v2\/pages\/3647\/revisions\/3729"}],"wp:attachment":[{"href":"https:\/\/www.svp-mosty.cz\/sr\/wp-json\/wp\/v2\/media?parent=3647"}],"curies":[{"name":"wp","href":"https:\/\/api.w.org\/{rel}","templated":true}]}}